{"id":564,"date":"2022-09-04T16:19:15","date_gmt":"2022-09-04T16:19:15","guid":{"rendered":"https:\/\/www.thulin-shk.de\/?page_id=564"},"modified":"2022-09-04T20:58:24","modified_gmt":"2022-09-04T20:58:24","slug":"impressum","status":"publish","type":"page","link":"https:\/\/www.thulin-shk.de\/?page_id=564","title":{"rendered":"Impressum"},"content":{"rendered":"\t\t<div data-elementor-type=\"wp-page\" data-elementor-id=\"564\" class=\"elementor elementor-564\">\n\t\t\t\t\t\t<section class=\"elementor-section elementor-top-section elementor-element elementor-element-9b2a538 elementor-section-boxed elementor-section-height-default elementor-section-height-default\" data-id=\"9b2a538\" data-element_type=\"section\" data-e-type=\"section\">\n\t\t\t\t\t\t<div class=\"elementor-container elementor-column-gap-default\">\n\t\t\t\t\t<div class=\"elementor-column elementor-col-100 elementor-top-column elementor-element elementor-element-1019a51\" data-id=\"1019a51\" data-element_type=\"column\" data-e-type=\"column\">\n\t\t\t<div class=\"elementor-widget-wrap elementor-element-populated\">\n\t\t\t\t\t\t<div class=\"elementor-element elementor-element-5574a2f elementor-widget elementor-widget-text-editor\" data-id=\"5574a2f\" data-element_type=\"widget\" data-e-type=\"widget\" data-widget_type=\"text-editor.default\">\n\t\t\t\t<div class=\"elementor-widget-container\">\n\t\t\t\t\t\t\t\t\t<h1 style=\"margin-bottom: 14px; border: 0px #ffffff; font-variant-ligatures: normal; font-variant-numeric: inherit; font-variant-east-asian: inherit; font-weight: 600; font-stretch: inherit; font-size: 34px; line-height: 1.1em; font-family: 'open sans', Helvetica, Arial, sans-serif; vertical-align: baseline; color: #222222; text-transform: uppercase; letter-spacing: 1px; orphans: 2; widows: 2; background-color: #ffffff; text-decoration-thickness: initial;\"><small style=\"border: 0px #ffffff; font-style: inherit; font-variant-ligatures: inherit; font-variant-position: inherit; font-variant-caps: inherit; font-variant-numeric: inherit; font-variant-alternates: inherit; font-variant-east-asian: inherit; font-weight: inherit; font-stretch: inherit; font-size: 27.2px; line-height: inherit; font-family: inherit; vertical-align: baseline;\">ANGABEN GEM\u00c4SS \u00a7 5 TMG<\/small><\/h1><p style=\"margin-top: 0.85em; margin-bottom: 0.85em; border: 0px #ffffff; font-variant-ligatures: normal; font-variant-numeric: inherit; font-variant-east-asian: inherit; font-stretch: inherit; font-size: 14px; line-height: inherit; font-family: 'open sans', Helvetica, Arial, sans-serif; vertical-align: baseline; color: #666666; orphans: 2; widows: 2; background-color: #ffffff; text-decoration-thickness: initial;\"><strong><span style=\"color: #00ccff;\">Thulin SHK<\/span><\/strong><br \/>Inh.: Bj\u00f6rn Thulin<br \/>Bauerweg 16<br \/>25336 Klein Nordende<\/p><h2 style=\"margin-top: 1.5em; margin-bottom: 10px; border: 0px #ffffff; font-variant-ligatures: normal; font-variant-numeric: inherit; font-variant-east-asian: inherit; font-weight: 600; font-stretch: inherit; font-size: 28px; line-height: 1.1em; font-family: 'open sans', Helvetica, Arial, sans-serif; vertical-align: baseline; color: #222222; text-transform: uppercase; letter-spacing: 1px; orphans: 2; widows: 2; background-color: #ffffff; text-decoration-thickness: initial;\">VERTRETEN DURCH:<\/h2><p style=\"margin-top: 0.85em; margin-bottom: 0.85em; border: 0px #ffffff; font-variant-ligatures: normal; font-variant-numeric: inherit; font-variant-east-asian: inherit; font-stretch: inherit; font-size: 14px; line-height: inherit; font-family: 'open sans', Helvetica, Arial, sans-serif; vertical-align: baseline; color: #666666; orphans: 2; widows: 2; background-color: #ffffff; text-decoration-thickness: initial;\"><strong><span style=\"color: #00ccff;\">Bj\u00f6rn Thulin<\/span><\/strong><\/p><h2 style=\"margin-top: 1.5em; margin-bottom: 10px; border: 0px #ffffff; font-variant-ligatures: normal; font-variant-numeric: inherit; font-variant-east-asian: inherit; font-weight: 600; font-stretch: inherit; font-size: 28px; line-height: 1.1em; font-family: 'open sans', Helvetica, Arial, sans-serif; vertical-align: baseline; color: #222222; text-transform: uppercase; letter-spacing: 1px; orphans: 2; widows: 2; background-color: #ffffff; text-decoration-thickness: initial;\">KONTAKT:<\/h2><p style=\"margin-top: 0.85em; margin-bottom: 0.85em; border: 0px #ffffff; font-variant-ligatures: normal; font-variant-numeric: inherit; font-variant-east-asian: inherit; font-stretch: inherit; font-size: 14px; line-height: inherit; font-family: 'open sans', Helvetica, Arial, sans-serif; vertical-align: baseline; color: #666666; orphans: 2; widows: 2; background-color: #ffffff; text-decoration-thickness: initial;\"><a href=\"tel:004941217807021\">Tel.:\u00a0+49 4121 7807021<\/a><br \/>E-Mail: info@thulin-shk.de<\/p><h2 style=\"margin-top: 1.5em; margin-bottom: 10px; border: 0px #ffffff; font-variant-ligatures: normal; font-variant-numeric: inherit; font-variant-east-asian: inherit; font-weight: 600; font-stretch: inherit; font-size: 28px; line-height: 1.1em; font-family: 'open sans', Helvetica, Arial, sans-serif; vertical-align: baseline; color: #222222; text-transform: uppercase; letter-spacing: 1px; orphans: 2; widows: 2; background-color: #ffffff; text-decoration-thickness: initial;\">UMSATZSTEUER-ID:<\/h2><p><span style=\"color: #000000;\">Umsatzsteuer-Identifikationsnummer gem\u00e4\u00df \u00a727 a Umsatzsteuergesetz:\u00a0<strong><span style=\"color: #00ccff;\">DE348820416<\/span><\/strong><\/span><\/p><p style=\"margin-top: 0.85em; margin-bottom: 0.85em; border: 0px #ffffff; font-variant-ligatures: normal; font-variant-numeric: inherit; font-variant-east-asian: inherit; font-stretch: inherit; font-size: 14px; line-height: inherit; font-family: 'open sans', Helvetica, Arial, sans-serif; vertical-align: baseline; color: #666666; orphans: 2; widows: 2; background-color: #ffffff; text-decoration-thickness: initial;\"><span style=\"color: #00ccff;\"><b style=\"font-family: inherit; font-size: inherit; border: 0px #ffffff; font-style: inherit; font-variant-ligatures: inherit; font-variant-position: inherit; font-variant-caps: inherit; font-variant-numeric: inherit; font-variant-alternates: inherit; font-variant-east-asian: inherit; font-stretch: inherit; line-height: inherit; vertical-align: baseline;\"><u style=\"border: 0px #ffffff; font-family: inherit; font-size: inherit; font-style: inherit; font-variant-caps: inherit; font-weight: inherit; font-stretch: inherit; line-height: inherit; vertical-align: baseline;\">Haftungshinweis:<\/u><\/b>\u00a0<\/span>Diese Website wurde mit gr\u00f6\u00dfter Sorgfalt erstellt. F\u00fcr die Richtigkeit, Vollst\u00e4ndigkeit und Aktualit\u00e4t der bereitgestellten Informationen kann jedoch keinerlei Gew\u00e4hr \u00fcbernommen werden. Trotz sorgf\u00e4ltiger inhaltlicher Kontrolle \u00fcbernehmen wir keine Haftung f\u00fcr die Inhalte externer Links. F\u00fcr den Inhalt der verlinkten Seiten sind ausschlie\u00dflich deren Betreiber verantwortlich.<\/p><p style=\"margin-top: 0.85em; margin-bottom: 0.85em; border: 0px #ffffff; font-variant-ligatures: normal; font-variant-numeric: inherit; font-variant-east-asian: inherit; font-stretch: inherit; font-size: 14px; line-height: inherit; font-family: 'open sans', Helvetica, Arial, sans-serif; vertical-align: baseline; color: #666666; orphans: 2; widows: 2; background-color: #ffffff; text-decoration-thickness: initial;\"><span style=\"color: #00ccff;\"><b style=\"border: 0px #ffffff; font-style: inherit; font-variant-ligatures: inherit; font-variant-position: inherit; font-variant-caps: inherit; font-variant-numeric: inherit; font-variant-alternates: inherit; font-variant-east-asian: inherit; font-stretch: inherit; font-size: inherit; line-height: inherit; font-family: inherit; vertical-align: baseline;\"><u style=\"border: 0px #ffffff; font-family: inherit; font-size: inherit; font-style: inherit; font-variant-caps: inherit; font-weight: inherit; font-stretch: inherit; line-height: inherit; vertical-align: baseline;\">Copyright-Hinweis:<\/u><\/b><\/span>\u00a0Alle Photographien und Texte dieser Webseite sind geistiges Eigentum des Betreibers. Das Kopieren \/ Verwenden von Inhalten dieser Seite ist nur nach ausdr\u00fccklicher Zustimmung und unter Angabe der Quelle erlaubt.<\/p>\t\t\t\t\t\t\t\t<\/div>\n\t\t\t\t<\/div>\n\t\t\t\t\t<\/div>\n\t\t<\/div>\n\t\t\t\t\t<\/div>\n\t\t<\/section>\n\t\t\t\t<\/div>\n\t\t","protected":false},"excerpt":{"rendered":"<p>ANGABEN GEM\u00c4SS \u00a7 5 TMG Thulin SHKInh.: Bj\u00f6rn ThulinBauerweg 1625336 Klein Nordende VERTRETEN DURCH: Bj\u00f6rn Thulin KONTAKT: Tel.:\u00a0+49 4121 7807021E-Mail: info@thulin-shk.de UMSATZSTEUER-ID: Umsatzsteuer-Identifikationsnummer gem\u00e4\u00df \u00a727 a Umsatzsteuergesetz:\u00a0DE348820416 Haftungshinweis:\u00a0Diese Website wurde mit gr\u00f6\u00dfter Sorgfalt erstellt. F\u00fcr die Richtigkeit, Vollst\u00e4ndigkeit und Aktualit\u00e4t der bereitgestellten Informationen kann jedoch keinerlei Gew\u00e4hr \u00fcbernommen werden. Trotz sorgf\u00e4ltiger inhaltlicher Kontrolle \u00fcbernehmen wir [&hellip;]<\/p>\n","protected":false},"author":1,"featured_media":0,"parent":0,"menu_order":0,"comment_status":"closed","ping_status":"closed","template":"","meta":{"footnotes":""},"class_list":["post-564","page","type-page","status-publish","hentry"],"yoast_head":"<!-- This site is optimized with the Yoast SEO plugin v27.2 - https:\/\/yoast.com\/product\/yoast-seo-wordpress\/ -->\n<title>Impressum - Thulin - SHK<\/title>\n<meta name=\"robots\" content=\"index, follow, max-snippet:-1, max-image-preview:large, max-video-preview:-1\" \/>\n<link rel=\"canonical\" href=\"https:\/\/www.thulin-shk.de\/?page_id=564\" \/>\n<meta property=\"og:locale\" content=\"de_DE\" \/>\n<meta property=\"og:type\" content=\"article\" \/>\n<meta property=\"og:title\" content=\"Impressum - Thulin - SHK\" \/>\n<meta property=\"og:description\" content=\"ANGABEN GEM\u00c4SS \u00a7 5 TMG Thulin SHKInh.: Bj\u00f6rn ThulinBauerweg 1625336 Klein Nordende VERTRETEN DURCH: Bj\u00f6rn Thulin KONTAKT: Tel.:\u00a0+49 4121 7807021E-Mail: info@thulin-shk.de UMSATZSTEUER-ID: Umsatzsteuer-Identifikationsnummer gem\u00e4\u00df \u00a727 a Umsatzsteuergesetz:\u00a0DE348820416 Haftungshinweis:\u00a0Diese Website wurde mit gr\u00f6\u00dfter Sorgfalt erstellt. F\u00fcr die Richtigkeit, Vollst\u00e4ndigkeit und Aktualit\u00e4t der bereitgestellten Informationen kann jedoch keinerlei Gew\u00e4hr \u00fcbernommen werden. Trotz sorgf\u00e4ltiger inhaltlicher Kontrolle \u00fcbernehmen wir [&hellip;]\" \/>\n<meta property=\"og:url\" content=\"https:\/\/www.thulin-shk.de\/?page_id=564\" \/>\n<meta property=\"og:site_name\" content=\"Thulin - SHK\" \/>\n<meta property=\"article:modified_time\" content=\"2022-09-04T20:58:24+00:00\" \/>\n<meta name=\"twitter:card\" content=\"summary_large_image\" \/>\n<meta name=\"twitter:label1\" content=\"Gesch\u00e4tzte Lesezeit\" \/>\n\t<meta name=\"twitter:data1\" content=\"1\u00a0Minute\" \/>\n<script type=\"application\/ld+json\" class=\"yoast-schema-graph\">{\"@context\":\"https:\/\/schema.org\",\"@graph\":[{\"@type\":\"WebPage\",\"@id\":\"https:\/\/www.thulin-shk.de\/?page_id=564\",\"url\":\"https:\/\/www.thulin-shk.de\/?page_id=564\",\"name\":\"Impressum - Thulin - SHK\",\"isPartOf\":{\"@id\":\"https:\/\/www.thulin-shk.de\/#website\"},\"datePublished\":\"2022-09-04T16:19:15+00:00\",\"dateModified\":\"2022-09-04T20:58:24+00:00\",\"breadcrumb\":{\"@id\":\"https:\/\/www.thulin-shk.de\/?page_id=564#breadcrumb\"},\"inLanguage\":\"de\",\"potentialAction\":[{\"@type\":\"ReadAction\",\"target\":[\"https:\/\/www.thulin-shk.de\/?page_id=564\"]}]},{\"@type\":\"BreadcrumbList\",\"@id\":\"https:\/\/www.thulin-shk.de\/?page_id=564#breadcrumb\",\"itemListElement\":[{\"@type\":\"ListItem\",\"position\":1,\"name\":\"Home\",\"item\":\"https:\/\/www.thulin-shk.de\/\"},{\"@type\":\"ListItem\",\"position\":2,\"name\":\"Impressum\"}]},{\"@type\":\"WebSite\",\"@id\":\"https:\/\/www.thulin-shk.de\/#website\",\"url\":\"https:\/\/www.thulin-shk.de\/\",\"name\":\"Thulin - SHK\",\"description\":\"Ihr Meisterbetrieb mit Ideen und Qualit\u00e4t\",\"publisher\":{\"@id\":\"https:\/\/www.thulin-shk.de\/#organization\"},\"potentialAction\":[{\"@type\":\"SearchAction\",\"target\":{\"@type\":\"EntryPoint\",\"urlTemplate\":\"https:\/\/www.thulin-shk.de\/?s={search_term_string}\"},\"query-input\":{\"@type\":\"PropertyValueSpecification\",\"valueRequired\":true,\"valueName\":\"search_term_string\"}}],\"inLanguage\":\"de\"},{\"@type\":\"Organization\",\"@id\":\"https:\/\/www.thulin-shk.de\/#organization\",\"name\":\"Thulin - SHK\",\"url\":\"https:\/\/www.thulin-shk.de\/\",\"logo\":{\"@type\":\"ImageObject\",\"inLanguage\":\"de\",\"@id\":\"https:\/\/www.thulin-shk.de\/#\/schema\/logo\/image\/\",\"url\":\"https:\/\/www.thulin-shk.de\/wp-content\/uploads\/2022\/01\/Logo-Thulin_01_klein.png\",\"contentUrl\":\"https:\/\/www.thulin-shk.de\/wp-content\/uploads\/2022\/01\/Logo-Thulin_01_klein.png\",\"width\":300,\"height\":212,\"caption\":\"Thulin - SHK\"},\"image\":{\"@id\":\"https:\/\/www.thulin-shk.de\/#\/schema\/logo\/image\/\"}}]}<\/script>\n<!-- \/ Yoast SEO plugin. -->","yoast_head_json":{"title":"Impressum - Thulin - SHK","robots":{"index":"index","follow":"follow","max-snippet":"max-snippet:-1","max-image-preview":"max-image-preview:large","max-video-preview":"max-video-preview:-1"},"canonical":"https:\/\/www.thulin-shk.de\/?page_id=564","og_locale":"de_DE","og_type":"article","og_title":"Impressum - Thulin - SHK","og_description":"ANGABEN GEM\u00c4SS \u00a7 5 TMG Thulin SHKInh.: Bj\u00f6rn ThulinBauerweg 1625336 Klein Nordende VERTRETEN DURCH: Bj\u00f6rn Thulin KONTAKT: Tel.:\u00a0+49 4121 7807021E-Mail: info@thulin-shk.de UMSATZSTEUER-ID: Umsatzsteuer-Identifikationsnummer gem\u00e4\u00df \u00a727 a Umsatzsteuergesetz:\u00a0DE348820416 Haftungshinweis:\u00a0Diese Website wurde mit gr\u00f6\u00dfter Sorgfalt erstellt. F\u00fcr die Richtigkeit, Vollst\u00e4ndigkeit und Aktualit\u00e4t der bereitgestellten Informationen kann jedoch keinerlei Gew\u00e4hr \u00fcbernommen werden. Trotz sorgf\u00e4ltiger inhaltlicher Kontrolle \u00fcbernehmen wir [&hellip;]","og_url":"https:\/\/www.thulin-shk.de\/?page_id=564","og_site_name":"Thulin - SHK","article_modified_time":"2022-09-04T20:58:24+00:00","twitter_card":"summary_large_image","twitter_misc":{"Gesch\u00e4tzte Lesezeit":"1\u00a0Minute"},"schema":{"@context":"https:\/\/schema.org","@graph":[{"@type":"WebPage","@id":"https:\/\/www.thulin-shk.de\/?page_id=564","url":"https:\/\/www.thulin-shk.de\/?page_id=564","name":"Impressum - Thulin - SHK","isPartOf":{"@id":"https:\/\/www.thulin-shk.de\/#website"},"datePublished":"2022-09-04T16:19:15+00:00","dateModified":"2022-09-04T20:58:24+00:00","breadcrumb":{"@id":"https:\/\/www.thulin-shk.de\/?page_id=564#breadcrumb"},"inLanguage":"de","potentialAction":[{"@type":"ReadAction","target":["https:\/\/www.thulin-shk.de\/?page_id=564"]}]},{"@type":"BreadcrumbList","@id":"https:\/\/www.thulin-shk.de\/?page_id=564#breadcrumb","itemListElement":[{"@type":"ListItem","position":1,"name":"Home","item":"https:\/\/www.thulin-shk.de\/"},{"@type":"ListItem","position":2,"name":"Impressum"}]},{"@type":"WebSite","@id":"https:\/\/www.thulin-shk.de\/#website","url":"https:\/\/www.thulin-shk.de\/","name":"Thulin - SHK","description":"Ihr Meisterbetrieb mit Ideen und Qualit\u00e4t","publisher":{"@id":"https:\/\/www.thulin-shk.de\/#organization"},"potentialAction":[{"@type":"SearchAction","target":{"@type":"EntryPoint","urlTemplate":"https:\/\/www.thulin-shk.de\/?s={search_term_string}"},"query-input":{"@type":"PropertyValueSpecification","valueRequired":true,"valueName":"search_term_string"}}],"inLanguage":"de"},{"@type":"Organization","@id":"https:\/\/www.thulin-shk.de\/#organization","name":"Thulin - SHK","url":"https:\/\/www.thulin-shk.de\/","logo":{"@type":"ImageObject","inLanguage":"de","@id":"https:\/\/www.thulin-shk.de\/#\/schema\/logo\/image\/","url":"https:\/\/www.thulin-shk.de\/wp-content\/uploads\/2022\/01\/Logo-Thulin_01_klein.png","contentUrl":"https:\/\/www.thulin-shk.de\/wp-content\/uploads\/2022\/01\/Logo-Thulin_01_klein.png","width":300,"height":212,"caption":"Thulin - SHK"},"image":{"@id":"https:\/\/www.thulin-shk.de\/#\/schema\/logo\/image\/"}}]}},"_links":{"self":[{"href":"https:\/\/www.thulin-shk.de\/index.php?rest_route=\/wp\/v2\/pages\/564","targetHints":{"allow":["GET"]}}],"collection":[{"href":"https:\/\/www.thulin-shk.de\/index.php?rest_route=\/wp\/v2\/pages"}],"about":[{"href":"https:\/\/www.thulin-shk.de\/index.php?rest_route=\/wp\/v2\/types\/page"}],"author":[{"embeddable":true,"href":"https:\/\/www.thulin-shk.de\/index.php?rest_route=\/wp\/v2\/users\/1"}],"replies":[{"embeddable":true,"href":"https:\/\/www.thulin-shk.de\/index.php?rest_route=%2Fwp%2Fv2%2Fcomments&post=564"}],"version-history":[{"count":6,"href":"https:\/\/www.thulin-shk.de\/index.php?rest_route=\/wp\/v2\/pages\/564\/revisions"}],"predecessor-version":[{"id":604,"href":"https:\/\/www.thulin-shk.de\/index.php?rest_route=\/wp\/v2\/pages\/564\/revisions\/604"}],"wp:attachment":[{"href":"https:\/\/www.thulin-shk.de\/index.php?rest_route=%2Fwp%2Fv2%2Fmedia&parent=564"}],"curies":[{"name":"wp","href":"https:\/\/api.w.org\/{rel}","templated":true}]}}